{"id":3,"date":"2025-02-03T22:53:27","date_gmt":"2025-02-03T22:53:27","guid":{"rendered":"http:\/\/www.servoplus.com.tr\/?page_id=3"},"modified":"2025-02-06T11:00:11","modified_gmt":"2025-02-06T11:00:11","slug":"privacy-policy","status":"publish","type":"page","link":"https:\/\/www.servoplus.com.tr\/index.php\/privacy-policy\/","title":{"rendered":"Gizlilik S\u00f6zle\u015fmesi"},"content":{"rendered":"\t\t<div data-elementor-type=\"wp-page\" data-elementor-id=\"3\" class=\"elementor elementor-3\" data-elementor-post-type=\"page\">\n\t\t\t\t<div class=\"elementor-element elementor-element-7ef5ce49 e-flex e-con-boxed e-con e-parent\" data-id=\"7ef5ce49\" data-element_type=\"container\" data-e-type=\"container\">\n\t\t\t\t\t<div class=\"e-con-inner\">\n\t\t\t\t<div class=\"elementor-element elementor-element-25d13e96 elementor-widget elementor-widget-text-editor\" data-id=\"25d13e96\" data-element_type=\"widget\" data-e-type=\"widget\" data-widget_type=\"text-editor.default\">\n\t\t\t\t<div class=\"elementor-widget-container\">\n\t\t\t\t\t\t\t\t\t\n<h2 class=\"wp-block-heading\">Gizlilik S\u00f6zle\u015fmesi<\/h2>\n\n<p>Servoplus, kullan\u0131c\u0131lar\u0131n\u0131n gizlili\u011fini korumay\u0131 taahh\u00fct eder. Bu gizlilik s\u00f6zle\u015fmesi, servisimizden faydalan\u0131rken sa\u011flad\u0131\u011f\u0131n\u0131z ki\u015fisel bilgilerin nas\u0131l topland\u0131\u011f\u0131, kullan\u0131ld\u0131\u011f\u0131, sakland\u0131\u011f\u0131 ve korundu\u011funa dair bilgi vermektedir.<\/p>\n<p><strong>1. Ki\u015fisel Bilgilerin Toplanmas\u0131<\/strong><\/p>\n<p>Web sitemiz \u00fczerinden sa\u011flad\u0131\u011f\u0131n\u0131z ki\u015fisel bilgiler, sadece sizin onay\u0131n\u0131zla toplanmaktad\u0131r. Bu bilgiler, ad\u0131n\u0131z, soyad\u0131n\u0131z, e-posta adresiniz, telefon numaran\u0131z gibi ileti\u015fim bilgilerini i\u00e7erebilir. Ayr\u0131ca, kullan\u0131c\u0131lar\u0131n web sitemizdeki gezinme tercihleri hakk\u0131nda da bilgiler toplanabilir.<\/p>\n<p><strong>2. Ki\u015fisel Bilgilerin Kullan\u0131m\u0131<\/strong><\/p>\n<p>Toplanan ki\u015fisel bilgiler a\u015fa\u011f\u0131daki ama\u00e7larla kullan\u0131labilir:<\/p>\n<ul>\n<li>Sizinle ileti\u015fime ge\u00e7mek,<\/li>\n<li>Taleplerinize g\u00f6re hizmet sa\u011flamak,<\/li>\n<li>Web sitemizin i\u015fleyi\u015fini iyile\u015ftirmek,<\/li>\n<li>M\u00fc\u015fteri memnuniyetini art\u0131rmak,<\/li>\n<li>Size \u00f6zel teklifler ve kampanyalar sunmak (yaln\u0131zca izin verdi\u011finiz takdirde).<\/li>\n<\/ul>\n<p><strong>3. Ki\u015fisel Bilgilerin Payla\u015f\u0131m\u0131<\/strong><\/p>\n<p>Servoplus, ki\u015fisel bilgilerinizi \u00fc\u00e7\u00fcnc\u00fc \u015fah\u0131slarla, yasal gereklilikler d\u0131\u015f\u0131nda, payla\u015fmaz. Ancak, hizmet sa\u011flay\u0131c\u0131lar\u0131m\u0131z ve i\u015f ortaklar\u0131m\u0131zla veri payla\u015f\u0131m\u0131 gerekebilir, ancak bu durumda veriler sadece hizmetlerin sa\u011flanmas\u0131 amac\u0131yla kullan\u0131lacakt\u0131r.<\/p>\n<p><strong>4. \u00c7erezler (Cookies)<\/strong><\/p>\n<p>Web sitemiz, kullan\u0131c\u0131 deneyimini iyile\u015ftirmek amac\u0131yla \u00e7erezler kullanabilir. \u00c7erezler, taray\u0131c\u0131n\u0131z arac\u0131l\u0131\u011f\u0131yla cihaz\u0131n\u0131za yerle\u015ftirilen k\u00fc\u00e7\u00fck veri dosyalar\u0131d\u0131r. \u00c7erezler, web sitemizin nas\u0131l kullan\u0131ld\u0131\u011f\u0131n\u0131 anlamam\u0131za yard\u0131mc\u0131 olur ve kullan\u0131c\u0131 deneyiminizi ki\u015fiselle\u015ftirebilir. Taray\u0131c\u0131 ayarlar\u0131n\u0131z\u0131 de\u011fi\u015ftirerek \u00e7erezleri reddedebilirsiniz, ancak baz\u0131 hizmetler bu durumda k\u0131s\u0131tlanabilir.<\/p>\n<p><strong>5. Ki\u015fisel Bilgilerin G\u00fcvenli\u011fi<\/strong><\/p>\n<p>Ki\u015fisel bilgileriniz, g\u00fcvenli sunucularda saklanmakta ve yaln\u0131zca yetkilendirilmi\u015f personel taraf\u0131ndan eri\u015filebilir. Servoplus, ki\u015fisel bilgilerinizi korumak i\u00e7in end\u00fcstri standartlar\u0131na uygun g\u00fcvenlik \u00f6nlemleri al\u0131r. Ancak, internet \u00fczerinden yap\u0131lan veri iletimlerinin tamamen g\u00fcvenli oldu\u011funu garanti edemeyiz.<\/p>\n<p><strong>6. Bilgilerin Saklanmas\u0131 S\u00fcresi<\/strong><\/p>\n<p>Ki\u015fisel bilgileriniz, yaln\u0131zca yasal gereklilikler ve hizmet sa\u011flama s\u00fcresi boyunca saklan\u0131r. Talebiniz \u00fczerine veya s\u00f6zle\u015fmenin sona ermesinin ard\u0131ndan, bilgilerinizi silebiliriz.<\/p>\n<p><strong>7. Verilerinize Eri\u015fim ve D\u00fczeltme Hakk\u0131<\/strong><\/p>\n<p>Ki\u015fisel bilgilerinize eri\u015fme, bu bilgileri g\u00fcncelleme veya d\u00fczeltme hakk\u0131n\u0131z bulunmaktad\u0131r. Bu taleplerinizi bizimle ileti\u015fime ge\u00e7erek iletebilirsiniz.<\/p>\n<p><strong>8. De\u011fi\u015fiklikler<\/strong><\/p>\n<p>Bu gizlilik s\u00f6zle\u015fmesi zaman zaman g\u00fcncellenebilir. Herhangi bir de\u011fi\u015fiklik oldu\u011funda, web sitemizde duyuru yap\u0131lacakt\u0131r. Bu de\u011fi\u015fiklikler, yay\u0131nland\u0131\u011f\u0131 andan itibaren ge\u00e7erli olacakt\u0131r.<\/p>\n<p><strong>9. \u0130leti\u015fim<\/strong><\/p>\n<p>Gizlilik politikam\u0131z hakk\u0131nda herhangi bir sorunuz varsa, bizimle a\u015fa\u011f\u0131daki ileti\u015fim bilgileri arac\u0131l\u0131\u011f\u0131yla ileti\u015fime ge\u00e7ebilirsiniz:<\/p>\n<p>E-posta: <span style=\"text-decoration: underline;\"><a href=\"mailto:info@servoplus.com.tr\" rel=\"noopener\">info@servoplus.com.tr<\/a><\/span><br \/>Telefon: <span style=\"text-decoration: underline;\"><a href=\"tel:+90546241995\">+90546241995<\/a><\/span><br \/>Adres: OSMANGAZ\u0130 MAH. GAZ\u0130 EM\u0130R CAD. NO: 3A \/ SANCAKTEPE &#8211; \u0130STANBUL<\/p>\n<div class=\"elementor-element elementor-element-b849492 e-con-full e-flex e-con e-child\" data-id=\"b849492\" data-element_type=\"container\">\n<div class=\"elementor-element elementor-element-d9dc598 elementor-icon-list--layout-inline elementor-list-item-link-full_width elementor-widget elementor-widget-icon-list\" data-id=\"d9dc598\" data-element_type=\"widget\" data-widget_type=\"icon-list.default\">\n<div class=\"elementor-widget-container\">\u00a0<\/div>\n<\/div>\n<\/div>\t\t\t\t\t\t\t\t<\/div>\n\t\t\t\t<\/div>\n\t\t\t\t\t<\/div>\n\t\t\t\t<\/div>\n\t\t\t\t<\/div>\n\t\t","protected":false},"excerpt":{"rendered":"<p>Gizlilik S\u00f6zle\u015fmesi Servoplus, kullan\u0131c\u0131lar\u0131n\u0131n gizlili\u011fini korumay\u0131 taahh\u00fct eder. Bu gizlilik s\u00f6zle\u015fmesi, servisimizden faydalan\u0131rken sa\u011flad\u0131\u011f\u0131n\u0131z ki\u015fisel bilgilerin nas\u0131l topland\u0131\u011f\u0131, kullan\u0131ld\u0131\u011f\u0131, sakland\u0131\u011f\u0131 ve korundu\u011funa dair bilgi vermektedir. 1. Ki\u015fisel Bilgilerin Toplanmas\u0131 Web sitemiz \u00fczerinden sa\u011flad\u0131\u011f\u0131n\u0131z ki\u015fisel bilgiler, sadece sizin onay\u0131n\u0131zla toplanmaktad\u0131r. Bu bilgiler, ad\u0131n\u0131z, soyad\u0131n\u0131z, e-posta adresiniz, telefon numaran\u0131z gibi ileti\u015fim bilgilerini i\u00e7erebilir. Ayr\u0131ca, kullan\u0131c\u0131lar\u0131n web sitemizdeki [&hellip;]<\/p>\n","protected":false},"author":1,"featured_media":0,"parent":0,"menu_order":0,"comment_status":"closed","ping_status":"open","template":"","meta":{"_joinchat":[],"footnotes":""},"class_list":["post-3","page","type-page","status-publish","hentry"],"_links":{"self":[{"href":"https:\/\/www.servoplus.com.tr\/index.php\/wp-json\/wp\/v2\/pages\/3","targetHints":{"allow":["GET"]}}],"collection":[{"href":"https:\/\/www.servoplus.com.tr\/index.php\/wp-json\/wp\/v2\/pages"}],"about":[{"href":"https:\/\/www.servoplus.com.tr\/index.php\/wp-json\/wp\/v2\/types\/page"}],"author":[{"embeddable":true,"href":"https:\/\/www.servoplus.com.tr\/index.php\/wp-json\/wp\/v2\/users\/1"}],"replies":[{"embeddable":true,"href":"https:\/\/www.servoplus.com.tr\/index.php\/wp-json\/wp\/v2\/comments?post=3"}],"version-history":[{"count":10,"href":"https:\/\/www.servoplus.com.tr\/index.php\/wp-json\/wp\/v2\/pages\/3\/revisions"}],"predecessor-version":[{"id":1902,"href":"https:\/\/www.servoplus.com.tr\/index.php\/wp-json\/wp\/v2\/pages\/3\/revisions\/1902"}],"wp:attachment":[{"href":"https:\/\/www.servoplus.com.tr\/index.php\/wp-json\/wp\/v2\/media?parent=3"}],"curies":[{"name":"wp","href":"https:\/\/api.w.org\/{rel}","templated":true}]}}