{"id":290,"date":"2023-05-22T04:30:11","date_gmt":"2023-05-22T04:30:11","guid":{"rendered":"https:\/\/demo.oceanthemes.site\/makaffo\/?page_id=290"},"modified":"2025-02-08T19:55:10","modified_gmt":"2025-02-08T19:55:10","slug":"hakkimizda","status":"publish","type":"page","link":"https:\/\/www.servoplus.com.tr\/index.php\/anasayfa\/hakkimizda\/","title":{"rendered":"Hakk\u0131m\u0131zda"},"content":{"rendered":"\t\t<div data-elementor-type=\"wp-page\" data-elementor-id=\"290\" class=\"elementor elementor-290\" data-elementor-post-type=\"page\">\n\t\t\t\t<div class=\"elementor-element elementor-element-e058814 e-flex e-con-boxed e-con e-parent\" data-id=\"e058814\" data-element_type=\"container\" data-e-type=\"container\">\n\t\t\t\t\t<div class=\"e-con-inner\">\n\t\t<div class=\"elementor-element elementor-element-80e00fb e-con-full e-flex e-con e-child\" data-id=\"80e00fb\" data-element_type=\"container\" data-e-type=\"container\">\n\t\t\t\t<div class=\"elementor-element elementor-element-8ca7484 elementor-widget elementor-widget-heading\" data-id=\"8ca7484\" data-element_type=\"widget\" data-e-type=\"widget\" data-widget_type=\"heading.default\">\n\t\t\t\t<div class=\"elementor-widget-container\">\n\t\t\t\t\t<h2 class=\"elementor-heading-title elementor-size-default\">Hakk\u0131m\u0131zda<\/h2>\t\t\t\t<\/div>\n\t\t\t\t<\/div>\n\t\t\t\t<div class=\"elementor-element elementor-element-005e8ac elementor-widget elementor-widget-text-editor\" data-id=\"005e8ac\" data-element_type=\"widget\" data-e-type=\"widget\" data-widget_type=\"text-editor.default\">\n\t\t\t\t<div class=\"elementor-widget-container\">\n\t\t\t\t\t\t\t\t\t<p>Servoplus, end\u00fcstriyel otomasyon sistemlerinde \u00f6nemli bir rol oynayan servo motorlar\u0131n\u0131n tamir hizmetlerini profesyonel bir \u015fekilde sunan bir firmad\u0131r. Y\u00fcksek kaliteli servis anlay\u0131\u015f\u0131yla, ar\u0131za tespiti, bak\u0131m, onar\u0131m ve yeniden yap\u0131land\u0131rma i\u015flemlerini en h\u0131zl\u0131 ve g\u00fcvenilir \u015fekilde ger\u00e7ekle\u015ftiriyoruz.<\/p><p>Kurucumuz Cengiz D\u00fczel&#8217;in liderli\u011finde, y\u0131llar\u0131n verdi\u011fi deneyim ve uzmanl\u0131kla, m\u00fc\u015fteri memnuniyetini \u00f6n planda tutarak her t\u00fcrl\u00fc servo motor sorununa \u00e7\u00f6z\u00fcm \u00fcretiyoruz. End\u00fcstriyel makinelerinizin kesintisiz \u00e7al\u0131\u015fmas\u0131 i\u00e7in gerekli olan t\u00fcm bak\u0131mlar\u0131 ve onar\u0131mlar\u0131 en y\u00fcksek standartlarda sa\u011fl\u0131yoruz.<\/p><p>Servoplus olarak, geli\u015fen teknolojiye ayak uydurarak, sekt\u00f6rdeki yenilikleri takip ediyor ve \u00e7\u00f6z\u00fcmlerimizi s\u00fcrekli olarak geli\u015ftiriyoruz. Bizim i\u00e7in her motor bir \u00f6ncekinden daha de\u011ferli; bu y\u00fczden, her i\u015flemi titizlikle ger\u00e7ekle\u015ftiriyor ve sonu\u00e7lar\u0131n uzun vadeli olmas\u0131na \u00f6zen g\u00f6steriyoruz.<\/p>\t\t\t\t\t\t\t\t<\/div>\n\t\t\t\t<\/div>\n\t\t\t\t<div class=\"elementor-element elementor-element-5774952 elementor-widget elementor-widget-heading\" data-id=\"5774952\" data-element_type=\"widget\" data-e-type=\"widget\" data-widget_type=\"heading.default\">\n\t\t\t\t<div class=\"elementor-widget-container\">\n\t\t\t\t\t<h2 class=\"elementor-heading-title elementor-size-default\">Neden Servoplus?<\/h2>\t\t\t\t<\/div>\n\t\t\t\t<\/div>\n\t\t\t\t<div class=\"elementor-element elementor-element-952ca74 elementor-widget elementor-widget-text-editor\" data-id=\"952ca74\" data-element_type=\"widget\" data-e-type=\"widget\" data-widget_type=\"text-editor.default\">\n\t\t\t\t<div class=\"elementor-widget-container\">\n\t\t\t\t\t\t\t\t\t<p>Bizimle \u00e7al\u0131\u015ft\u0131\u011f\u0131n\u0131zda, sadece kaliteli servis de\u011fil, ayn\u0131 zamanda zaman\u0131nda teslimat, uygun maliyetler ve uzun s\u00fcreli i\u015fbirlikleri kazan\u0131rs\u0131n\u0131z. \u0130\u015fletmenizin kesintisiz \u00e7al\u0131\u015fmas\u0131n\u0131 sa\u011flamak i\u00e7in Servoplus&#8217;\u0131 tercih ederek, g\u00fcvenilir ve uzman bir \u00e7\u00f6z\u00fcm orta\u011f\u0131na sahip olursunuz. Size \u00f6zel \u00e7\u00f6z\u00fcmler sunarak, her ad\u0131mda yan\u0131n\u0131zda olmay\u0131 vaat ediyoruz.<\/p>\t\t\t\t\t\t\t\t<\/div>\n\t\t\t\t<\/div>\n\t\t\t\t<\/div>\n\t\t\t\t\t<\/div>\n\t\t\t\t<\/div>\n\t\t<div class=\"elementor-element elementor-element-c446a3a e-flex e-con-boxed e-con e-parent\" data-id=\"c446a3a\" data-element_type=\"container\" data-e-type=\"container\">\n\t\t\t\t\t<div class=\"e-con-inner\">\n\t\t\t\t\t<\/div>\n\t\t\t\t<\/div>\n\t\t<div class=\"elementor-element elementor-element-4baee446 e-transform e-flex e-con-boxed e-con e-parent\" data-id=\"4baee446\" data-element_type=\"container\" data-e-type=\"container\" data-settings=\"{&quot;_transform_translateX_effect_tablet&quot;:{&quot;unit&quot;:&quot;%&quot;,&quot;size&quot;:&quot;&quot;,&quot;sizes&quot;:[]},&quot;_transform_translateX_effect_mobile&quot;:{&quot;unit&quot;:&quot;%&quot;,&quot;size&quot;:&quot;&quot;,&quot;sizes&quot;:[]},&quot;_transform_translateY_effect&quot;:{&quot;unit&quot;:&quot;%&quot;,&quot;size&quot;:-50,&quot;sizes&quot;:[]},&quot;_transform_translateY_effect_tablet&quot;:{&quot;unit&quot;:&quot;%&quot;,&quot;size&quot;:&quot;&quot;,&quot;sizes&quot;:[]},&quot;_transform_translateY_effect_mobile&quot;:{&quot;unit&quot;:&quot;%&quot;,&quot;size&quot;:0,&quot;sizes&quot;:[]},&quot;_transform_translateX_effect&quot;:{&quot;unit&quot;:&quot;px&quot;,&quot;size&quot;:&quot;&quot;,&quot;sizes&quot;:[]}}\">\n\t\t\t\t\t<div class=\"e-con-inner\">\n\t\t<div class=\"elementor-element elementor-element-5d1146f9 e-flex e-con-boxed e-con e-child\" data-id=\"5d1146f9\" data-element_type=\"container\" data-e-type=\"container\" data-settings=\"{&quot;background_background&quot;:&quot;classic&quot;}\">\n\t\t\t\t\t<div class=\"e-con-inner\">\n\t\t<div class=\"elementor-element elementor-element-35ebbd02 e-flex e-con-boxed e-con e-child\" data-id=\"35ebbd02\" data-element_type=\"container\" data-e-type=\"container\">\n\t\t\t\t\t<div class=\"e-con-inner\">\n\t\t\t\t<div class=\"elementor-element elementor-element-4032145f elementor-widget elementor-widget-text-editor\" data-id=\"4032145f\" data-element_type=\"widget\" data-e-type=\"widget\" data-widget_type=\"text-editor.default\">\n\t\t\t\t<div class=\"elementor-widget-container\">\n\t\t\t\t\t\t\t\t\t<p>H\u0131zl\u0131 Ve G\u00fcvenilir Hizmet<\/p>\t\t\t\t\t\t\t\t<\/div>\n\t\t\t\t<\/div>\n\t\t\t\t<div class=\"elementor-element elementor-element-6e02f473 ot-view-stacked-1 ot-position-left ot-vertical-align-top elementor-widget elementor-widget-ot-iconbox\" data-id=\"6e02f473\" data-element_type=\"widget\" data-e-type=\"widget\" data-widget_type=\"ot-iconbox.default\">\n\t\t\t\t<div class=\"elementor-widget-container\">\n\t\t\t\t\t\t\t<div class=\"ot-icon-box box-content\">\r\n\t\t\t\t\t\t<div class=\"ot-icon-box__icon flex-gap\">\r\n\t\t\t\t<svg xmlns=\"http:\/\/www.w3.org\/2000\/svg\" xmlns:xlink=\"http:\/\/www.w3.org\/1999\/xlink\" x=\"0px\" y=\"0px\" viewBox=\"0 0 384 384\" style=\"enable-background:new 0 0 384 384;\" xml:space=\"preserve\"><g>\t<g>\t\t<path d=\"M353.188,252.052c-23.51,0-46.594-3.677-68.469-10.906c-10.719-3.656-23.896-0.302-30.438,6.417l-43.177,32.594   c-50.073-26.729-80.917-57.563-107.281-107.26l31.635-42.052c8.219-8.208,11.167-20.198,7.635-31.448   c-7.26-21.99-10.948-45.063-10.948-68.583C132.146,13.823,118.323,0,101.333,0H30.813C13.823,0,0,13.823,0,30.813   C0,225.563,158.438,384,353.188,384c16.99,0,30.813-13.823,30.813-30.813v-70.323C384,265.875,370.177,252.052,353.188,252.052z\"><\/path>\t<\/g><\/g><\/svg>\t        <\/div>\r\n\t        \t        <div class=\"ot-icon-box__content\">\r\n\t        \t<h4 class=\"icon-box-title\"><a href=\"tel:+908508880057\">Hemen Ara<\/a><\/h4>\t\t\t\t<div class=\"icon-box-des\">0850 888 00 57<\/div>\t\t\t\t\t\t\t<\/div>\t\r\n\t    <\/div>\r\n\t    \t\t\t\t<\/div>\n\t\t\t\t<\/div>\n\t\t\t\t<div class=\"elementor-element elementor-element-95c728d ot-view-stacked-1 ot-position-left ot-vertical-align-top elementor-widget elementor-widget-ot-iconbox\" data-id=\"95c728d\" data-element_type=\"widget\" data-e-type=\"widget\" data-widget_type=\"ot-iconbox.default\">\n\t\t\t\t<div class=\"elementor-widget-container\">\n\t\t\t\t\t\t\t<div class=\"ot-icon-box box-content\">\r\n\t\t\t\t\t\t<div class=\"ot-icon-box__icon flex-gap\">\r\n\t\t\t\t<svg xmlns=\"http:\/\/www.w3.org\/2000\/svg\" xmlns:xlink=\"http:\/\/www.w3.org\/1999\/xlink\" x=\"0px\" y=\"0px\" viewBox=\"0 0 384 384\" style=\"enable-background:new 0 0 384 384;\" xml:space=\"preserve\"><g>\t<g>\t\t<path d=\"M353.188,252.052c-23.51,0-46.594-3.677-68.469-10.906c-10.719-3.656-23.896-0.302-30.438,6.417l-43.177,32.594   c-50.073-26.729-80.917-57.563-107.281-107.26l31.635-42.052c8.219-8.208,11.167-20.198,7.635-31.448   c-7.26-21.99-10.948-45.063-10.948-68.583C132.146,13.823,118.323,0,101.333,0H30.813C13.823,0,0,13.823,0,30.813   C0,225.563,158.438,384,353.188,384c16.99,0,30.813-13.823,30.813-30.813v-70.323C384,265.875,370.177,252.052,353.188,252.052z\"><\/path>\t<\/g><\/g><\/svg>\t        <\/div>\r\n\t        \t        <div class=\"ot-icon-box__content\">\r\n\t        \t<h4 class=\"icon-box-title\"><a href=\"tel:+905326110057\">Hemen Ara<\/a><\/h4>\t\t\t\t<div class=\"icon-box-des\">0532 611 00\u00a057\n<\/div>\t\t\t\t\t\t\t<\/div>\t\r\n\t    <\/div>\r\n\t    \t\t\t\t<\/div>\n\t\t\t\t<\/div>\n\t\t\t\t<div class=\"elementor-element elementor-element-18ec00db elementor-widget__width-auto elementor-absolute elementor-hidden-tablet elementor-hidden-mobile elementor-widget-divider--view-line elementor-widget elementor-widget-divider\" data-id=\"18ec00db\" data-element_type=\"widget\" data-e-type=\"widget\" data-settings=\"{&quot;_position&quot;:&quot;absolute&quot;}\" data-widget_type=\"divider.default\">\n\t\t\t\t<div class=\"elementor-widget-container\">\n\t\t\t\t\t\t\t<div class=\"elementor-divider\">\n\t\t\t<span class=\"elementor-divider-separator\">\n\t\t\t\t\t\t<\/span>\n\t\t<\/div>\n\t\t\t\t\t\t<\/div>\n\t\t\t\t<\/div>\n\t\t\t\t\t<\/div>\n\t\t\t\t<\/div>\n\t\t<div class=\"elementor-element elementor-element-ed9f500 e-flex e-con-boxed e-con e-child\" data-id=\"ed9f500\" data-element_type=\"container\" data-e-type=\"container\">\n\t\t\t\t\t<div class=\"e-con-inner\">\n\t\t\t\t<div class=\"elementor-element elementor-element-475141b6 elementor-widget__width-initial elementor-widget elementor-widget-ot-counter\" data-id=\"475141b6\" data-element_type=\"widget\" data-e-type=\"widget\" data-widget_type=\"ot-counter.default\">\n\t\t\t\t<div class=\"elementor-widget-container\">\n\t\t\t\t\t\t\t<div class=\"ot-counter-wrapper\">\r\n\r\n\t\t\t<div class=\"ot-counter__content\">\r\n\t\t\t\t<span class=\"ot-counter__number counter\" data-duration= \"2000\">100+<\/span>\r\n\t\t\t\t<h6 class=\"ot-counter__title\">Memnun M\u00fc\u015fteri<\/h6>\r\n\t\t\t<\/div>\r\n\r\n\t\t<\/div>\r\n\t    \t\t\t\t<\/div>\n\t\t\t\t<\/div>\n\t\t\t\t<div class=\"elementor-element elementor-element-2b0943e7 elementor-widget__width-initial elementor-widget elementor-widget-ot-counter\" data-id=\"2b0943e7\" data-element_type=\"widget\" data-e-type=\"widget\" data-widget_type=\"ot-counter.default\">\n\t\t\t\t<div class=\"elementor-widget-container\">\n\t\t\t\t\t\t\t<div class=\"ot-counter-wrapper\">\r\n\r\n\t\t\t<div class=\"ot-counter__content\">\r\n\t\t\t\t<span class=\"ot-counter__number counter\" data-duration= \"1000\">1 YIL<\/span>\r\n\t\t\t\t<h6 class=\"ot-counter__title\">Garanti<\/h6>\r\n\t\t\t<\/div>\r\n\r\n\t\t<\/div>\r\n\t    \t\t\t\t<\/div>\n\t\t\t\t<\/div>\n\t\t\t\t\t<\/div>\n\t\t\t\t<\/div>\n\t\t\t\t\t<\/div>\n\t\t\t\t<\/div>\n\t\t\t\t\t<\/div>\n\t\t\t\t<\/div>\n\t\t\t\t<\/div>\n\t\t","protected":false},"excerpt":{"rendered":"<p>Hakk\u0131m\u0131zda Servoplus, end\u00fcstriyel otomasyon sistemlerinde \u00f6nemli bir rol oynayan servo motorlar\u0131n\u0131n tamir hizmetlerini profesyonel bir \u015fekilde sunan bir firmad\u0131r. Y\u00fcksek kaliteli servis anlay\u0131\u015f\u0131yla, ar\u0131za tespiti, bak\u0131m, onar\u0131m ve yeniden yap\u0131land\u0131rma i\u015flemlerini en h\u0131zl\u0131 ve g\u00fcvenilir \u015fekilde ger\u00e7ekle\u015ftiriyoruz. Kurucumuz Cengiz D\u00fczel&#8217;in liderli\u011finde, y\u0131llar\u0131n verdi\u011fi deneyim ve uzmanl\u0131kla, m\u00fc\u015fteri memnuniyetini \u00f6n planda tutarak her t\u00fcrl\u00fc servo motor [&hellip;]<\/p>\n","protected":false},"author":1,"featured_media":0,"parent":886,"menu_order":0,"comment_status":"closed","ping_status":"closed","template":"","meta":{"_joinchat":[],"footnotes":""},"class_list":["post-290","page","type-page","status-publish","hentry"],"_links":{"self":[{"href":"https:\/\/www.servoplus.com.tr\/index.php\/wp-json\/wp\/v2\/pages\/290","targetHints":{"allow":["GET"]}}],"collection":[{"href":"https:\/\/www.servoplus.com.tr\/index.php\/wp-json\/wp\/v2\/pages"}],"about":[{"href":"https:\/\/www.servoplus.com.tr\/index.php\/wp-json\/wp\/v2\/types\/page"}],"author":[{"embeddable":true,"href":"https:\/\/www.servoplus.com.tr\/index.php\/wp-json\/wp\/v2\/users\/1"}],"replies":[{"embeddable":true,"href":"https:\/\/www.servoplus.com.tr\/index.php\/wp-json\/wp\/v2\/comments?post=290"}],"version-history":[{"count":22,"href":"https:\/\/www.servoplus.com.tr\/index.php\/wp-json\/wp\/v2\/pages\/290\/revisions"}],"predecessor-version":[{"id":2375,"href":"https:\/\/www.servoplus.com.tr\/index.php\/wp-json\/wp\/v2\/pages\/290\/revisions\/2375"}],"up":[{"embeddable":true,"href":"https:\/\/www.servoplus.com.tr\/index.php\/wp-json\/wp\/v2\/pages\/886"}],"wp:attachment":[{"href":"https:\/\/www.servoplus.com.tr\/index.php\/wp-json\/wp\/v2\/media?parent=290"}],"curies":[{"name":"wp","href":"https:\/\/api.w.org\/{rel}","templated":true}]}}